{"id":322623,"date":"2024-12-06T15:38:49","date_gmt":"2024-12-06T20:38:49","guid":{"rendered":"https:\/\/interfacing.com\/imprint"},"modified":"2024-12-06T16:02:32","modified_gmt":"2024-12-06T21:02:32","slug":"imprint","status":"publish","type":"page","link":"https:\/\/interfacing.com\/es\/imprint","title":{"rendered":"Imprint"},"content":{"rendered":"\n<!-- Legal document generated by Complianz | GDPR\/CCPA Cookie Consent https:\/\/wordpress.org\/plugins\/complianz-gdpr -->\n<div id=\"cmplz-document\" class=\"cmplz-document impressum cmplz-document-all\"><p><i>Este aviso legal \/ imprint fue actualizado por \u00faltima vez el julio 15, 2025.<\/i><\/p><p class=\"cmplz-subtitle\">El propietario de esta web es:<\/p><p>Interfacing Technologies Corporation Interfacing Technologies Corporation<br>460 Saint-Catherine St W, Montreal, Quebec H3B 1A6<br>Canad\u00e1<br>Correo electr\u00f3nico:&nbsp;<span class=\"cmplz-obfuscate\">&#115;&#117;pp&#111;&#114;t@<span class=\"cmplz-fmail-domain\">e&#120;.&#099;o&#109;<\/span>i&#110;t&#101;&#114;&#102;a&#099;&#105;ng.&#099;&#111;m<\/span><br>N\u00famero de tel\u00e9fono: +1 514 737 7333<br><\/p><p class=\"cmplz-subtitle\">El\/Los representante\/s legal\/es de Interfacing Technologies Corporation Interfacing Technologies Corporation:<\/p><p>Scott Armstrong<\/p><h2>1. General<\/h2><p>Estamos dispuestos u obligados a participar en procedimientos de resoluci\u00f3n de conflictos ante una junta de arbitraje de consumo.<\/p><h2>2. La siguiente informaci\u00f3n es obligatoria seg\u00fan la legislaci\u00f3n alemana.<\/h2><\/div>\n","protected":false},"excerpt":{"rendered":"","protected":false},"author":4,"featured_media":0,"parent":0,"menu_order":0,"comment_status":"closed","ping_status":"closed","template":"","meta":{"_acf_changed":false,"footnotes":"","_wp_rev_ctl_limit":""},"class_list":["post-322623","page","type-page","status-publish","hentry"],"acf":[],"yoast_head":"<!-- This site is optimized with the Yoast SEO Premium plugin v26.1 (Yoast SEO v26.6) - https:\/\/yoast.com\/wordpress\/plugins\/seo\/ -->\n<title>Imprint - Interfacing<\/title>\n<meta name=\"robots\" content=\"index, follow, max-snippet:-1, max-image-preview:large, max-video-preview:-1\" \/>\n<link rel=\"canonical\" href=\"https:\/\/interfacing.com\/es\/imprint\" \/>\n<meta property=\"og:locale\" content=\"es_ES\" \/>\n<meta property=\"og:type\" content=\"article\" \/>\n<meta property=\"og:title\" content=\"Imprint\" \/>\n<meta property=\"og:url\" content=\"https:\/\/interfacing.com\/es\/imprint\" \/>\n<meta property=\"og:site_name\" content=\"Interfacing\" \/>\n<meta property=\"article:publisher\" content=\"https:\/\/www.facebook.com\/interfacing\" \/>\n<meta property=\"article:modified_time\" content=\"2024-12-06T21:02:32+00:00\" \/>\n<meta name=\"twitter:card\" content=\"summary_large_image\" \/>\n<meta name=\"twitter:site\" content=\"@interfacing\" \/>\n<script type=\"application\/ld+json\" class=\"yoast-schema-graph\">{\"@context\":\"https:\/\/schema.org\",\"@graph\":[{\"@type\":\"WebPage\",\"@id\":\"https:\/\/interfacing.com\/es\/imprint\",\"url\":\"https:\/\/interfacing.com\/es\/imprint\",\"name\":\"Imprint - Interfacing\",\"isPartOf\":{\"@id\":\"https:\/\/interfacing.com\/es#website\"},\"datePublished\":\"2024-12-06T20:38:49+00:00\",\"dateModified\":\"2024-12-06T21:02:32+00:00\",\"breadcrumb\":{\"@id\":\"https:\/\/interfacing.com\/es\/imprint#breadcrumb\"},\"inLanguage\":\"es\",\"potentialAction\":[{\"@type\":\"ReadAction\",\"target\":[\"https:\/\/interfacing.com\/es\/imprint\"]}]},{\"@type\":\"BreadcrumbList\",\"@id\":\"https:\/\/interfacing.com\/es\/imprint#breadcrumb\",\"itemListElement\":[{\"@type\":\"ListItem\",\"position\":1,\"name\":\"Home\",\"item\":\"https:\/\/interfacing.com\/es\"},{\"@type\":\"ListItem\",\"position\":2,\"name\":\"Imprint\"}]},{\"@type\":\"WebSite\",\"@id\":\"https:\/\/interfacing.com\/es#website\",\"url\":\"https:\/\/interfacing.com\/es\",\"name\":\"Interfacing\",\"description\":\"\",\"publisher\":{\"@id\":\"https:\/\/interfacing.com\/es#organization\"},\"potentialAction\":[{\"@type\":\"SearchAction\",\"target\":{\"@type\":\"EntryPoint\",\"urlTemplate\":\"https:\/\/interfacing.com\/es?s={search_term_string}\"},\"query-input\":{\"@type\":\"PropertyValueSpecification\",\"valueRequired\":true,\"valueName\":\"search_term_string\"}}],\"inLanguage\":\"es\"},{\"@type\":\"Organization\",\"@id\":\"https:\/\/interfacing.com\/es#organization\",\"name\":\"Interfacing Technologies Incorporated\",\"url\":\"https:\/\/interfacing.com\/es\",\"logo\":{\"@type\":\"ImageObject\",\"inLanguage\":\"es\",\"@id\":\"https:\/\/interfacing.com\/es#\/schema\/logo\/image\/\",\"url\":\"https:\/\/interfacing.com\/wp-content\/uploads\/2024\/04\/logo-full.svg\",\"contentUrl\":\"https:\/\/interfacing.com\/wp-content\/uploads\/2024\/04\/logo-full.svg\",\"width\":1484,\"height\":363,\"caption\":\"Interfacing Technologies Incorporated\"},\"image\":{\"@id\":\"https:\/\/interfacing.com\/es#\/schema\/logo\/image\/\"},\"sameAs\":[\"https:\/\/www.facebook.com\/interfacing\",\"https:\/\/x.com\/interfacing\",\"https:\/\/www.youtube.com\/channel\/UCM8osoVycXfaJD9sFhjXD9A\/\",\"https:\/\/www.instagram.com\/interfacing_technologies\/\"]}]}<\/script>\n<!-- \/ Yoast SEO Premium plugin. -->","yoast_head_json":{"title":"Imprint - Interfacing","robots":{"index":"index","follow":"follow","max-snippet":"max-snippet:-1","max-image-preview":"max-image-preview:large","max-video-preview":"max-video-preview:-1"},"canonical":"https:\/\/interfacing.com\/es\/imprint","og_locale":"es_ES","og_type":"article","og_title":"Imprint","og_url":"https:\/\/interfacing.com\/es\/imprint","og_site_name":"Interfacing","article_publisher":"https:\/\/www.facebook.com\/interfacing","article_modified_time":"2024-12-06T21:02:32+00:00","twitter_card":"summary_large_image","twitter_site":"@interfacing","schema":{"@context":"https:\/\/schema.org","@graph":[{"@type":"WebPage","@id":"https:\/\/interfacing.com\/es\/imprint","url":"https:\/\/interfacing.com\/es\/imprint","name":"Imprint - Interfacing","isPartOf":{"@id":"https:\/\/interfacing.com\/es#website"},"datePublished":"2024-12-06T20:38:49+00:00","dateModified":"2024-12-06T21:02:32+00:00","breadcrumb":{"@id":"https:\/\/interfacing.com\/es\/imprint#breadcrumb"},"inLanguage":"es","potentialAction":[{"@type":"ReadAction","target":["https:\/\/interfacing.com\/es\/imprint"]}]},{"@type":"BreadcrumbList","@id":"https:\/\/interfacing.com\/es\/imprint#breadcrumb","itemListElement":[{"@type":"ListItem","position":1,"name":"Home","item":"https:\/\/interfacing.com\/es"},{"@type":"ListItem","position":2,"name":"Imprint"}]},{"@type":"WebSite","@id":"https:\/\/interfacing.com\/es#website","url":"https:\/\/interfacing.com\/es","name":"Interfacing","description":"","publisher":{"@id":"https:\/\/interfacing.com\/es#organization"},"potentialAction":[{"@type":"SearchAction","target":{"@type":"EntryPoint","urlTemplate":"https:\/\/interfacing.com\/es?s={search_term_string}"},"query-input":{"@type":"PropertyValueSpecification","valueRequired":true,"valueName":"search_term_string"}}],"inLanguage":"es"},{"@type":"Organization","@id":"https:\/\/interfacing.com\/es#organization","name":"Interfacing Technologies Incorporated","url":"https:\/\/interfacing.com\/es","logo":{"@type":"ImageObject","inLanguage":"es","@id":"https:\/\/interfacing.com\/es#\/schema\/logo\/image\/","url":"https:\/\/interfacing.com\/wp-content\/uploads\/2024\/04\/logo-full.svg","contentUrl":"https:\/\/interfacing.com\/wp-content\/uploads\/2024\/04\/logo-full.svg","width":1484,"height":363,"caption":"Interfacing Technologies Incorporated"},"image":{"@id":"https:\/\/interfacing.com\/es#\/schema\/logo\/image\/"},"sameAs":["https:\/\/www.facebook.com\/interfacing","https:\/\/x.com\/interfacing","https:\/\/www.youtube.com\/channel\/UCM8osoVycXfaJD9sFhjXD9A\/","https:\/\/www.instagram.com\/interfacing_technologies\/"]}]}},"_links":{"self":[{"href":"https:\/\/interfacing.com\/es\/wp-json\/wp\/v2\/pages\/322623","targetHints":{"allow":["GET"]}}],"collection":[{"href":"https:\/\/interfacing.com\/es\/wp-json\/wp\/v2\/pages"}],"about":[{"href":"https:\/\/interfacing.com\/es\/wp-json\/wp\/v2\/types\/page"}],"author":[{"embeddable":true,"href":"https:\/\/interfacing.com\/es\/wp-json\/wp\/v2\/users\/4"}],"replies":[{"embeddable":true,"href":"https:\/\/interfacing.com\/es\/wp-json\/wp\/v2\/comments?post=322623"}],"version-history":[{"count":1,"href":"https:\/\/interfacing.com\/es\/wp-json\/wp\/v2\/pages\/322623\/revisions"}],"predecessor-version":[{"id":322668,"href":"https:\/\/interfacing.com\/es\/wp-json\/wp\/v2\/pages\/322623\/revisions\/322668"}],"wp:attachment":[{"href":"https:\/\/interfacing.com\/es\/wp-json\/wp\/v2\/media?parent=322623"}],"curies":[{"name":"wp","href":"https:\/\/api.w.org\/{rel}","templated":true}]}}