{"id":334714,"date":"2025-06-25T10:23:12","date_gmt":"2025-06-25T14:23:12","guid":{"rendered":"https:\/\/interfacing.com\/?page_id=334714"},"modified":"2025-06-25T10:23:21","modified_gmt":"2025-06-25T14:23:21","slug":"prueba-gratuita-epc-15","status":"publish","type":"page","link":"https:\/\/interfacing.com\/es\/prueba-gratuita-epc-15","title":{"rendered":"Prueba gratuita EPC"},"content":{"rendered":"","protected":true},"excerpt":{"rendered":"","protected":true},"author":4,"featured_media":0,"parent":0,"menu_order":0,"comment_status":"closed","ping_status":"closed","template":"elementor_header_footer","meta":{"_acf_changed":false,"footnotes":"","_wp_rev_ctl_limit":""},"class_list":["post-334714","page","type-page","status-publish","post-password-required","hentry"],"acf":[],"yoast_head":"<!-- This site is optimized with the Yoast SEO Premium plugin v27.3 (Yoast SEO v27.3) - https:\/\/yoast.com\/product\/yoast-seo-premium-wordpress\/ -->\n<title>Interfacing BPM Software Corporation |<\/title>\n<meta name=\"description\" content=\", empresa l\u00edder en BPM y proveedor de servicios y software BPM. Una empresa de BPM con m\u00e1s de dos d\u00e9cadas de experiencia en BPM.\" \/>\n<meta name=\"robots\" content=\"index, follow, max-snippet:-1, max-image-preview:large, max-video-preview:-1\" \/>\n<link rel=\"canonical\" href=\"https:\/\/interfacing.com\/es\/prueba-gratuita-epc-15\" \/>\n<meta property=\"og:locale\" content=\"es_ES\" \/>\n<meta property=\"og:type\" content=\"article\" \/>\n<meta property=\"og:title\" content=\"Prueba gratuita EPC\" \/>\n<meta property=\"og:description\" content=\", empresa l\u00edder en BPM y proveedor de servicios y software BPM. Una empresa de BPM con m\u00e1s de dos d\u00e9cadas de experiencia en BPM.\" \/>\n<meta property=\"og:url\" content=\"https:\/\/interfacing.com\/es\/prueba-gratuita-epc-15\" \/>\n<meta property=\"og:site_name\" content=\"Interfacing\" \/>\n<meta property=\"article:publisher\" content=\"https:\/\/www.facebook.com\/interfacing\" \/>\n<meta property=\"article:modified_time\" content=\"2025-06-25T14:23:21+00:00\" \/>\n<meta name=\"twitter:card\" content=\"summary_large_image\" \/>\n<meta name=\"twitter:site\" content=\"@interfacing\" \/>\n<meta name=\"twitter:label1\" content=\"Tiempo de lectura\" \/>\n\t<meta name=\"twitter:data1\" content=\"29 minutos\" \/>\n<script type=\"application\/ld+json\" class=\"yoast-schema-graph\">{\"@context\":\"https:\\\/\\\/schema.org\",\"@graph\":[{\"@type\":\"WebPage\",\"@id\":\"https:\\\/\\\/interfacing.com\\\/es\\\/prueba-gratuita-epc-15\",\"url\":\"https:\\\/\\\/interfacing.com\\\/es\\\/prueba-gratuita-epc-15\",\"name\":\"Interfacing BPM Software Corporation |\",\"isPartOf\":{\"@id\":\"https:\\\/\\\/interfacing.com\\\/es#website\"},\"datePublished\":\"2025-06-25T14:23:12+00:00\",\"dateModified\":\"2025-06-25T14:23:21+00:00\",\"breadcrumb\":{\"@id\":\"https:\\\/\\\/interfacing.com\\\/es\\\/prueba-gratuita-epc-15#breadcrumb\"},\"inLanguage\":\"es\"},{\"@type\":\"WebSite\",\"@id\":\"https:\\\/\\\/interfacing.com\\\/es#website\",\"url\":\"https:\\\/\\\/interfacing.com\\\/es\",\"name\":\"Interfacing\",\"description\":\"\",\"publisher\":{\"@id\":\"https:\\\/\\\/interfacing.com\\\/es#organization\"},\"potentialAction\":[{\"@type\":\"SearchAction\",\"target\":{\"@type\":\"EntryPoint\",\"urlTemplate\":\"https:\\\/\\\/interfacing.com\\\/es?s={search_term_string}\"},\"query-input\":{\"@type\":\"PropertyValueSpecification\",\"valueRequired\":true,\"valueName\":\"search_term_string\"}}],\"inLanguage\":\"es\"},{\"@type\":\"Organization\",\"@id\":\"https:\\\/\\\/interfacing.com\\\/es#organization\",\"name\":\"Interfacing Technologies Incorporated\",\"url\":\"https:\\\/\\\/interfacing.com\\\/es\",\"logo\":{\"@type\":\"ImageObject\",\"inLanguage\":\"es\",\"@id\":\"https:\\\/\\\/interfacing.com\\\/es#\\\/schema\\\/logo\\\/image\\\/\",\"url\":\"https:\\\/\\\/interfacing.com\\\/wp-content\\\/uploads\\\/2024\\\/04\\\/logo-full.svg\",\"contentUrl\":\"https:\\\/\\\/interfacing.com\\\/wp-content\\\/uploads\\\/2024\\\/04\\\/logo-full.svg\",\"width\":1484,\"height\":363,\"caption\":\"Interfacing Technologies Incorporated\"},\"image\":{\"@id\":\"https:\\\/\\\/interfacing.com\\\/es#\\\/schema\\\/logo\\\/image\\\/\"},\"sameAs\":[\"https:\\\/\\\/www.facebook.com\\\/interfacing\",\"https:\\\/\\\/x.com\\\/interfacing\",\"https:\\\/\\\/www.youtube.com\\\/channel\\\/UCM8osoVycXfaJD9sFhjXD9A\\\/\",\"https:\\\/\\\/www.instagram.com\\\/interfacing_technologies\\\/\"]}]}<\/script>\n<!-- \/ Yoast SEO Premium plugin. -->","yoast_head_json":{"title":"Interfacing BPM Software Corporation |","description":", empresa l\u00edder en BPM y proveedor de servicios y software BPM. Una empresa de BPM con m\u00e1s de dos d\u00e9cadas de experiencia en BPM.","robots":{"index":"index","follow":"follow","max-snippet":"max-snippet:-1","max-image-preview":"max-image-preview:large","max-video-preview":"max-video-preview:-1"},"canonical":"https:\/\/interfacing.com\/es\/prueba-gratuita-epc-15","og_locale":"es_ES","og_type":"article","og_title":"Prueba gratuita EPC","og_description":", empresa l\u00edder en BPM y proveedor de servicios y software BPM. Una empresa de BPM con m\u00e1s de dos d\u00e9cadas de experiencia en BPM.","og_url":"https:\/\/interfacing.com\/es\/prueba-gratuita-epc-15","og_site_name":"Interfacing","article_publisher":"https:\/\/www.facebook.com\/interfacing","article_modified_time":"2025-06-25T14:23:21+00:00","twitter_card":"summary_large_image","twitter_site":"@interfacing","twitter_misc":{"Tiempo de lectura":"29 minutos"},"schema":{"@context":"https:\/\/schema.org","@graph":[{"@type":"WebPage","@id":"https:\/\/interfacing.com\/es\/prueba-gratuita-epc-15","url":"https:\/\/interfacing.com\/es\/prueba-gratuita-epc-15","name":"Interfacing BPM Software Corporation |","isPartOf":{"@id":"https:\/\/interfacing.com\/es#website"},"datePublished":"2025-06-25T14:23:12+00:00","dateModified":"2025-06-25T14:23:21+00:00","breadcrumb":{"@id":"https:\/\/interfacing.com\/es\/prueba-gratuita-epc-15#breadcrumb"},"inLanguage":"es"},{"@type":"WebSite","@id":"https:\/\/interfacing.com\/es#website","url":"https:\/\/interfacing.com\/es","name":"Interfacing","description":"","publisher":{"@id":"https:\/\/interfacing.com\/es#organization"},"potentialAction":[{"@type":"SearchAction","target":{"@type":"EntryPoint","urlTemplate":"https:\/\/interfacing.com\/es?s={search_term_string}"},"query-input":{"@type":"PropertyValueSpecification","valueRequired":true,"valueName":"search_term_string"}}],"inLanguage":"es"},{"@type":"Organization","@id":"https:\/\/interfacing.com\/es#organization","name":"Interfacing Technologies Incorporated","url":"https:\/\/interfacing.com\/es","logo":{"@type":"ImageObject","inLanguage":"es","@id":"https:\/\/interfacing.com\/es#\/schema\/logo\/image\/","url":"https:\/\/interfacing.com\/wp-content\/uploads\/2024\/04\/logo-full.svg","contentUrl":"https:\/\/interfacing.com\/wp-content\/uploads\/2024\/04\/logo-full.svg","width":1484,"height":363,"caption":"Interfacing Technologies Incorporated"},"image":{"@id":"https:\/\/interfacing.com\/es#\/schema\/logo\/image\/"},"sameAs":["https:\/\/www.facebook.com\/interfacing","https:\/\/x.com\/interfacing","https:\/\/www.youtube.com\/channel\/UCM8osoVycXfaJD9sFhjXD9A\/","https:\/\/www.instagram.com\/interfacing_technologies\/"]}]}},"_links":{"self":[{"href":"https:\/\/interfacing.com\/es\/wp-json\/wp\/v2\/pages\/334714","targetHints":{"allow":["GET"]}}],"collection":[{"href":"https:\/\/interfacing.com\/es\/wp-json\/wp\/v2\/pages"}],"about":[{"href":"https:\/\/interfacing.com\/es\/wp-json\/wp\/v2\/types\/page"}],"author":[{"embeddable":true,"href":"https:\/\/interfacing.com\/es\/wp-json\/wp\/v2\/users\/4"}],"replies":[{"embeddable":true,"href":"https:\/\/interfacing.com\/es\/wp-json\/wp\/v2\/comments?post=334714"}],"version-history":[{"count":2,"href":"https:\/\/interfacing.com\/es\/wp-json\/wp\/v2\/pages\/334714\/revisions"}],"predecessor-version":[{"id":334728,"href":"https:\/\/interfacing.com\/es\/wp-json\/wp\/v2\/pages\/334714\/revisions\/334728"}],"wp:attachment":[{"href":"https:\/\/interfacing.com\/es\/wp-json\/wp\/v2\/media?parent=334714"}],"curies":[{"name":"wp","href":"https:\/\/api.w.org\/{rel}","templated":true}]}}